{"id":875,"date":"2024-01-31T12:29:13","date_gmt":"2024-01-31T12:29:13","guid":{"rendered":"https:\/\/interaction-project.eu\/materialy\/"},"modified":"2024-06-11T14:12:06","modified_gmt":"2024-06-11T14:12:06","slug":"materialy","status":"publish","type":"page","link":"https:\/\/interaction-project.eu\/pl\/materialy\/","title":{"rendered":"Materia\u0142y"},"content":{"rendered":"\t\t<div data-elementor-type=\"wp-page\" data-elementor-id=\"875\" class=\"elementor elementor-875 elementor-252\" data-elementor-post-type=\"page\">\n\t\t\t\t<div class=\"elementor-element elementor-element-e4df68b e-flex e-con-boxed e-con e-parent\" data-id=\"e4df68b\" data-element_type=\"container\" data-settings=\"{&quot;background_background&quot;:&quot;classic&quot;}\">\n\t\t\t\t\t<div class=\"e-con-inner\">\n\t\t\t\t<div class=\"elementor-element elementor-element-fcf91c8 animated-slow text-left elementor-widget elementor-widget-tp-advanced-typography\" data-id=\"fcf91c8\" data-element_type=\"widget\" data-settings=\"{&quot;_animation&quot;:&quot;none&quot;}\" data-widget_type=\"tp-advanced-typography.default\">\n\t\t\t\t<div class=\"elementor-widget-container\">\n\t\t\t\t\t<div id=\"atfcf91c8\" class=\"pt-plus-adv-typo-wrapper\"><div class=\"pt_plus_adv_typo_block   none\"><span id=\"advtypo69f60c825e92b\" class=\"text-content-block   typo_stroke     \"  style=\"\"  >Materia\u0142y <\/span><\/div><\/div>\t\t\t\t<\/div>\n\t\t\t\t<\/div>\n\t\t\t\t\t<\/div>\n\t\t\t\t<\/div>\n\t\t<div class=\"elementor-element elementor-element-236f141 e-flex e-con-boxed e-con e-parent\" data-id=\"236f141\" data-element_type=\"container\">\n\t\t\t\t\t<div class=\"e-con-inner\">\n\t\t\t\t<div class=\"elementor-element elementor-element-3216239 elementor-widget elementor-widget-spacer\" data-id=\"3216239\" data-element_type=\"widget\" data-widget_type=\"spacer.default\">\n\t\t\t\t<div class=\"elementor-widget-container\">\n\t\t\t\t\t\t\t<div class=\"elementor-spacer\">\n\t\t\t<div class=\"elementor-spacer-inner\"><\/div>\n\t\t<\/div>\n\t\t\t\t\t\t<\/div>\n\t\t\t\t<\/div>\n\t\t\t\t<div class=\"elementor-element elementor-element-ad0e421 elementor-widget elementor-widget-heading\" data-id=\"ad0e421\" data-element_type=\"widget\" data-widget_type=\"heading.default\">\n\t\t\t\t<div class=\"elementor-widget-container\">\n\t\t\t\t\t<h2 class=\"elementor-heading-title elementor-size-default\">Odkryj nasze zasoby!<\/h2>\t\t\t\t<\/div>\n\t\t\t\t<\/div>\n\t\t\t\t<div class=\"elementor-element elementor-element-edcf060 elementor-widget elementor-widget-text-editor\" data-id=\"edcf060\" data-element_type=\"widget\" data-widget_type=\"text-editor.default\">\n\t\t\t\t<div class=\"elementor-widget-container\">\n\t\t\t\t\t\t\t\t\t<p>Tutaj znajdziesz do pobrania materia\u0142y informacyjne oraz wa\u017cne aktualizacje zwi\u0105zane z post\u0119pem naszego projektu. B\u0105d\u017a na bie\u017c\u0105co dzi\u0119ki okresowym biuletynom, kt\u00f3re podkre\u015blaj\u0105 dzia\u0142ania, wyniki i nadchodz\u0105ce mo\u017cliwo\u015bci, aby zaanga\u017cowa\u0107 si\u0119 i rozpowszechnia\u0107 informacje o INTERACTION.<\/p>\n\t\t\t\t\t\t\t\t<\/div>\n\t\t\t\t<\/div>\n\t\t\t\t<div class=\"elementor-element elementor-element-e907670 elementor-widget elementor-widget-spacer\" data-id=\"e907670\" data-element_type=\"widget\" data-widget_type=\"spacer.default\">\n\t\t\t\t<div class=\"elementor-widget-container\">\n\t\t\t\t\t\t\t<div class=\"elementor-spacer\">\n\t\t\t<div class=\"elementor-spacer-inner\"><\/div>\n\t\t<\/div>\n\t\t\t\t\t\t<\/div>\n\t\t\t\t<\/div>\n\t\t\t\t\t<\/div>\n\t\t\t\t<\/div>\n\t\t<div class=\"elementor-element elementor-element-1b3d84f3 e-flex e-con-boxed e-con e-child\" data-id=\"1b3d84f3\" data-element_type=\"container\" data-settings=\"{&quot;background_background&quot;:&quot;classic&quot;}\">\n\t\t\t\t\t<div class=\"e-con-inner\">\n\t\t<div class=\"elementor-element elementor-element-566852c6 e-flex e-con-boxed e-con e-child\" data-id=\"566852c6\" data-element_type=\"container\">\n\t\t\t\t\t<div class=\"e-con-inner\">\n\t\t\t\t<div class=\"elementor-element elementor-element-4bb7bd8f elementor-widget elementor-widget-image\" data-id=\"4bb7bd8f\" data-element_type=\"widget\" data-widget_type=\"image.default\">\n\t\t\t\t<div class=\"elementor-widget-container\">\n\t\t\t\t\t\t\t\t\t\t\t\t\t\t\t\t<a href=\"https:\/\/interaction-project.eu\/wp-content\/uploads\/2024\/06\/PL-Interaction-Poster.pdf\" target=\"_blank\">\n\t\t\t\t\t\t\t<img fetchpriority=\"high\" decoding=\"async\" width=\"800\" height=\"800\" src=\"https:\/\/interaction-project.eu\/wp-content\/uploads\/2024\/06\/EN-poster-mockup-interaction.png\" class=\"attachment-large size-large wp-image-921\" alt=\"\" srcset=\"https:\/\/interaction-project.eu\/wp-content\/uploads\/2024\/06\/EN-poster-mockup-interaction.png 1000w, https:\/\/interaction-project.eu\/wp-content\/uploads\/2024\/06\/EN-poster-mockup-interaction-300x300.png 300w, https:\/\/interaction-project.eu\/wp-content\/uploads\/2024\/06\/EN-poster-mockup-interaction-150x150.png 150w, https:\/\/interaction-project.eu\/wp-content\/uploads\/2024\/06\/EN-poster-mockup-interaction-768x768.png 768w, https:\/\/interaction-project.eu\/wp-content\/uploads\/2024\/06\/EN-poster-mockup-interaction-700x700.png 700w\" sizes=\"(max-width: 800px) 100vw, 800px\" \/>\t\t\t\t\t\t\t\t<\/a>\n\t\t\t\t\t\t\t\t\t\t\t\t\t\t\t<\/div>\n\t\t\t\t<\/div>\n\t\t\t\t<div class=\"elementor-element elementor-element-5a13b17e elementor-widget elementor-widget-heading\" data-id=\"5a13b17e\" data-element_type=\"widget\" data-widget_type=\"heading.default\">\n\t\t\t\t<div class=\"elementor-widget-container\">\n\t\t\t\t\t<h4 class=\"elementor-heading-title elementor-size-default\">Plakat<\/h4>\t\t\t\t<\/div>\n\t\t\t\t<\/div>\n\t\t\t\t<div class=\"elementor-element elementor-element-4ec0a1ba elementor-widget elementor-widget-tp-advanced-buttons\" data-id=\"4ec0a1ba\" data-element_type=\"widget\" data-widget_type=\"tp-advanced-buttons.default\">\n\t\t\t\t<div class=\"elementor-widget-container\">\n\t\t\t\t\t<div class=\"pt-plus-adv-button-wrapper \" ><div id=\"advbutton69f60c826f3e0\" class=\"pt_plus_adv_button  ab-cta  tp_cta_st_1   \" ><a href=\"https:\/\/interaction-project.eu\/wp-content\/uploads\/2024\/06\/PL-Interaction-Poster.pdf\" target=\"_blank\" class=\"adv-button-link-wrap \" role=\"button\"><span>Pobierz<\/span><\/a><\/div><\/div>\t\t\t\t<\/div>\n\t\t\t\t<\/div>\n\t\t\t\t<div class=\"elementor-element elementor-element-8af06e7 elementor-widget elementor-widget-spacer\" data-id=\"8af06e7\" data-element_type=\"widget\" data-widget_type=\"spacer.default\">\n\t\t\t\t<div class=\"elementor-widget-container\">\n\t\t\t\t\t\t\t<div class=\"elementor-spacer\">\n\t\t\t<div class=\"elementor-spacer-inner\"><\/div>\n\t\t<\/div>\n\t\t\t\t\t\t<\/div>\n\t\t\t\t<\/div>\n\t\t\t\t\t<\/div>\n\t\t\t\t<\/div>\n\t\t<div class=\"elementor-element elementor-element-6562c7e3 e-flex e-con-boxed e-con e-child\" data-id=\"6562c7e3\" data-element_type=\"container\">\n\t\t\t\t\t<div class=\"e-con-inner\">\n\t\t\t\t<div class=\"elementor-element elementor-element-7eb24034 elementor-widget elementor-widget-image\" data-id=\"7eb24034\" data-element_type=\"widget\" data-widget_type=\"image.default\">\n\t\t\t\t<div class=\"elementor-widget-container\">\n\t\t\t\t\t\t\t\t\t\t\t\t\t\t\t\t<a href=\"https:\/\/interaction-project.eu\/wp-content\/uploads\/2024\/06\/PL-Interaction-Brochure.pdf\" target=\"_blank\">\n\t\t\t\t\t\t\t<img decoding=\"async\" width=\"800\" height=\"800\" src=\"https:\/\/interaction-project.eu\/wp-content\/uploads\/2024\/06\/En-brochure-interaction.png\" class=\"attachment-large size-large wp-image-926\" alt=\"\" srcset=\"https:\/\/interaction-project.eu\/wp-content\/uploads\/2024\/06\/En-brochure-interaction.png 1000w, https:\/\/interaction-project.eu\/wp-content\/uploads\/2024\/06\/En-brochure-interaction-300x300.png 300w, https:\/\/interaction-project.eu\/wp-content\/uploads\/2024\/06\/En-brochure-interaction-150x150.png 150w, https:\/\/interaction-project.eu\/wp-content\/uploads\/2024\/06\/En-brochure-interaction-768x768.png 768w, https:\/\/interaction-project.eu\/wp-content\/uploads\/2024\/06\/En-brochure-interaction-700x700.png 700w\" sizes=\"(max-width: 800px) 100vw, 800px\" \/>\t\t\t\t\t\t\t\t<\/a>\n\t\t\t\t\t\t\t\t\t\t\t\t\t\t\t<\/div>\n\t\t\t\t<\/div>\n\t\t\t\t<div class=\"elementor-element elementor-element-51fa3afb elementor-widget elementor-widget-heading\" data-id=\"51fa3afb\" data-element_type=\"widget\" data-widget_type=\"heading.default\">\n\t\t\t\t<div class=\"elementor-widget-container\">\n\t\t\t\t\t<h4 class=\"elementor-heading-title elementor-size-default\">Ulotka<\/h4>\t\t\t\t<\/div>\n\t\t\t\t<\/div>\n\t\t\t\t<div class=\"elementor-element elementor-element-22bc545c elementor-widget elementor-widget-tp-advanced-buttons\" data-id=\"22bc545c\" data-element_type=\"widget\" data-widget_type=\"tp-advanced-buttons.default\">\n\t\t\t\t<div class=\"elementor-widget-container\">\n\t\t\t\t\t<div class=\"pt-plus-adv-button-wrapper \" ><div id=\"advbutton69f60c8270724\" class=\"pt_plus_adv_button  ab-cta  tp_cta_st_1   \" ><a href=\"https:\/\/interaction-project.eu\/wp-content\/uploads\/2024\/06\/PL-Interaction-Brochure.pdf\" target=\"_blank\" class=\"adv-button-link-wrap \" role=\"button\"><span>Pobierz<\/span><\/a><\/div><\/div>\t\t\t\t<\/div>\n\t\t\t\t<\/div>\n\t\t\t\t<div class=\"elementor-element elementor-element-fd7e70d elementor-widget elementor-widget-spacer\" data-id=\"fd7e70d\" data-element_type=\"widget\" data-widget_type=\"spacer.default\">\n\t\t\t\t<div class=\"elementor-widget-container\">\n\t\t\t\t\t\t\t<div class=\"elementor-spacer\">\n\t\t\t<div class=\"elementor-spacer-inner\"><\/div>\n\t\t<\/div>\n\t\t\t\t\t\t<\/div>\n\t\t\t\t<\/div>\n\t\t\t\t\t<\/div>\n\t\t\t\t<\/div>\n\t\t\t\t\t<\/div>\n\t\t\t\t<\/div>\n\t\t<div class=\"elementor-element elementor-element-78417d75 elementor-hidden-desktop elementor-hidden-tablet elementor-hidden-mobile e-flex e-con-boxed e-con e-child\" data-id=\"78417d75\" data-element_type=\"container\">\n\t\t\t\t\t<div class=\"e-con-inner\">\n\t\t<div class=\"elementor-element elementor-element-8fc50f1 e-flex e-con-boxed e-con e-child\" data-id=\"8fc50f1\" data-element_type=\"container\">\n\t\t\t\t\t<div class=\"e-con-inner\">\n\t\t\t\t<div class=\"elementor-element elementor-element-14dd6d3f elementor-widget elementor-widget-image\" data-id=\"14dd6d3f\" data-element_type=\"widget\" data-widget_type=\"image.default\">\n\t\t\t\t<div class=\"elementor-widget-container\">\n\t\t\t\t\t\t\t\t\t\t\t\t\t\t\t<img decoding=\"async\" src=\"https:\/\/interaction-project.eu\/wp-content\/plugins\/elementor\/assets\/images\/placeholder.png\" title=\"\" alt=\"\" loading=\"lazy\" \/>\t\t\t\t\t\t\t\t\t\t\t\t\t\t\t<\/div>\n\t\t\t\t<\/div>\n\t\t\t\t<div class=\"elementor-element elementor-element-3ff574ba elementor-widget elementor-widget-heading\" data-id=\"3ff574ba\" data-element_type=\"widget\" data-widget_type=\"heading.default\">\n\t\t\t\t<div class=\"elementor-widget-container\">\n\t\t\t\t\t<h4 class=\"elementor-heading-title elementor-size-default\">Leaflet<\/h4>\t\t\t\t<\/div>\n\t\t\t\t<\/div>\n\t\t\t\t<div class=\"elementor-element elementor-element-58fa4bdd elementor-widget elementor-widget-tp-advanced-buttons\" data-id=\"58fa4bdd\" data-element_type=\"widget\" data-widget_type=\"tp-advanced-buttons.default\">\n\t\t\t\t<div class=\"elementor-widget-container\">\n\t\t\t\t\t<div class=\"pt-plus-adv-button-wrapper \" ><div id=\"advbutton69f60c82718f3\" class=\"pt_plus_adv_button  ab-cta  tp_cta_st_1   \" ><a href=\"#\" class=\"adv-button-link-wrap \" role=\"button\"><span>Download<\/span><\/a><\/div><\/div>\t\t\t\t<\/div>\n\t\t\t\t<\/div>\n\t\t\t\t\t<\/div>\n\t\t\t\t<\/div>\n\t\t<div class=\"elementor-element elementor-element-6cc4e920 e-flex e-con-boxed e-con e-child\" data-id=\"6cc4e920\" data-element_type=\"container\">\n\t\t\t\t\t<div class=\"e-con-inner\">\n\t\t\t\t<div class=\"elementor-element elementor-element-321d5765 elementor-widget elementor-widget-image\" data-id=\"321d5765\" data-element_type=\"widget\" data-widget_type=\"image.default\">\n\t\t\t\t<div class=\"elementor-widget-container\">\n\t\t\t\t\t\t\t\t\t\t\t\t\t\t\t<img decoding=\"async\" src=\"https:\/\/interaction-project.eu\/wp-content\/plugins\/elementor\/assets\/images\/placeholder.png\" title=\"\" alt=\"\" loading=\"lazy\" \/>\t\t\t\t\t\t\t\t\t\t\t\t\t\t\t<\/div>\n\t\t\t\t<\/div>\n\t\t\t\t<div class=\"elementor-element elementor-element-17423f74 elementor-widget elementor-widget-heading\" data-id=\"17423f74\" data-element_type=\"widget\" data-widget_type=\"heading.default\">\n\t\t\t\t<div class=\"elementor-widget-container\">\n\t\t\t\t\t<h4 class=\"elementor-heading-title elementor-size-default\">Poster<\/h4>\t\t\t\t<\/div>\n\t\t\t\t<\/div>\n\t\t\t\t<div class=\"elementor-element elementor-element-3c9e9237 elementor-widget elementor-widget-tp-advanced-buttons\" data-id=\"3c9e9237\" data-element_type=\"widget\" data-widget_type=\"tp-advanced-buttons.default\">\n\t\t\t\t<div class=\"elementor-widget-container\">\n\t\t\t\t\t<div class=\"pt-plus-adv-button-wrapper \" ><div id=\"advbutton69f60c82724ac\" class=\"pt_plus_adv_button  ab-cta  tp_cta_st_1   \" ><a href=\"#\" class=\"adv-button-link-wrap \" role=\"button\"><span>Download<\/span><\/a><\/div><\/div>\t\t\t\t<\/div>\n\t\t\t\t<\/div>\n\t\t\t\t\t<\/div>\n\t\t\t\t<\/div>\n\t\t<div class=\"elementor-element elementor-element-31e77e9f e-flex e-con-boxed e-con e-child\" data-id=\"31e77e9f\" data-element_type=\"container\">\n\t\t\t\t\t<div class=\"e-con-inner\">\n\t\t\t\t<div class=\"elementor-element elementor-element-51d2b67c elementor-widget elementor-widget-image\" data-id=\"51d2b67c\" data-element_type=\"widget\" data-widget_type=\"image.default\">\n\t\t\t\t<div class=\"elementor-widget-container\">\n\t\t\t\t\t\t\t\t\t\t\t\t\t\t\t<img decoding=\"async\" src=\"https:\/\/interaction-project.eu\/wp-content\/plugins\/elementor\/assets\/images\/placeholder.png\" title=\"\" alt=\"\" loading=\"lazy\" \/>\t\t\t\t\t\t\t\t\t\t\t\t\t\t\t<\/div>\n\t\t\t\t<\/div>\n\t\t\t\t<div class=\"elementor-element elementor-element-6eedae78 elementor-widget elementor-widget-heading\" data-id=\"6eedae78\" data-element_type=\"widget\" data-widget_type=\"heading.default\">\n\t\t\t\t<div class=\"elementor-widget-container\">\n\t\t\t\t\t<h4 class=\"elementor-heading-title elementor-size-default\">Newsletters<\/h4>\t\t\t\t<\/div>\n\t\t\t\t<\/div>\n\t\t\t\t<div class=\"elementor-element elementor-element-21de4fe3 elementor-widget elementor-widget-tp-advanced-buttons\" data-id=\"21de4fe3\" data-element_type=\"widget\" data-widget_type=\"tp-advanced-buttons.default\">\n\t\t\t\t<div class=\"elementor-widget-container\">\n\t\t\t\t\t<div class=\"pt-plus-adv-button-wrapper \" ><div id=\"advbutton69f60c8273069\" class=\"pt_plus_adv_button  ab-cta  tp_cta_st_1   \" ><a href=\"#\" class=\"adv-button-link-wrap \" role=\"button\"><span>Download<\/span><\/a><\/div><\/div>\t\t\t\t<\/div>\n\t\t\t\t<\/div>\n\t\t\t\t\t<\/div>\n\t\t\t\t<\/div>\n\t\t\t\t\t<\/div>\n\t\t\t\t<\/div>\n\t\t\t\t<\/div>\n\t\t","protected":false},"excerpt":{"rendered":"<p>Materia\u0142y Odkryj nasze zasoby! Tutaj znajdziesz do pobrania materia\u0142y informacyjne oraz wa\u017cne aktualizacje zwi\u0105zane z post\u0119pem naszego projektu. B\u0105d\u017a na bie\u017c\u0105co dzi\u0119ki okresowym biuletynom, kt\u00f3re podkre\u015blaj\u0105 dzia\u0142ania, wyniki i nadchodz\u0105ce mo\u017cliwo\u015bci, aby zaanga\u017cowa\u0107 si\u0119 i rozpowszechnia\u0107 informacje o INTERACTION. Plakat Pobierz Ulotka Pobierz Leaflet Download Poster Download Newsletters Download<\/p>\n","protected":false},"author":3,"featured_media":0,"parent":0,"menu_order":0,"comment_status":"closed","ping_status":"closed","template":"","meta":{"footnotes":""},"class_list":["post-875","page","type-page","status-publish","hentry"],"_links":{"self":[{"href":"https:\/\/interaction-project.eu\/pl\/wp-json\/wp\/v2\/pages\/875","targetHints":{"allow":["GET"]}}],"collection":[{"href":"https:\/\/interaction-project.eu\/pl\/wp-json\/wp\/v2\/pages"}],"about":[{"href":"https:\/\/interaction-project.eu\/pl\/wp-json\/wp\/v2\/types\/page"}],"author":[{"embeddable":true,"href":"https:\/\/interaction-project.eu\/pl\/wp-json\/wp\/v2\/users\/3"}],"replies":[{"embeddable":true,"href":"https:\/\/interaction-project.eu\/pl\/wp-json\/wp\/v2\/comments?post=875"}],"version-history":[{"count":13,"href":"https:\/\/interaction-project.eu\/pl\/wp-json\/wp\/v2\/pages\/875\/revisions"}],"predecessor-version":[{"id":1043,"href":"https:\/\/interaction-project.eu\/pl\/wp-json\/wp\/v2\/pages\/875\/revisions\/1043"}],"wp:attachment":[{"href":"https:\/\/interaction-project.eu\/pl\/wp-json\/wp\/v2\/media?parent=875"}],"curies":[{"name":"wp","href":"https:\/\/api.w.org\/{rel}","templated":true}]}}