{"id":869,"date":"2024-01-31T12:28:59","date_gmt":"2024-01-31T12:28:59","guid":{"rendered":"https:\/\/interaction-project.eu\/wyniki\/"},"modified":"2025-07-16T08:24:01","modified_gmt":"2025-07-16T08:24:01","slug":"wyniki","status":"publish","type":"page","link":"https:\/\/interaction-project.eu\/pl\/wyniki\/","title":{"rendered":"wyniki"},"content":{"rendered":"\t\t<div data-elementor-type=\"wp-page\" data-elementor-id=\"869\" class=\"elementor elementor-869 elementor-250\" data-elementor-post-type=\"page\">\n\t\t\t\t<div class=\"elementor-element elementor-element-da330e3 e-flex e-con-boxed e-con e-parent\" data-id=\"da330e3\" data-element_type=\"container\" data-settings=\"{&quot;background_background&quot;:&quot;classic&quot;}\">\n\t\t\t\t\t<div class=\"e-con-inner\">\n\t\t\t\t<div class=\"elementor-element elementor-element-7259a6f animated-slow text-left elementor-widget elementor-widget-tp-advanced-typography\" data-id=\"7259a6f\" data-element_type=\"widget\" data-settings=\"{&quot;_animation&quot;:&quot;none&quot;}\" data-widget_type=\"tp-advanced-typography.default\">\n\t\t\t\t<div class=\"elementor-widget-container\">\n\t\t\t\t\t<div id=\"at7259a6f\" class=\"pt-plus-adv-typo-wrapper\"><div class=\"pt_plus_adv_typo_block   none\"><span id=\"advtypo69f60cb60522a\" class=\"text-content-block   typo_stroke     \"  style=\"\"  >Wyniki<\/span><\/div><\/div>\t\t\t\t<\/div>\n\t\t\t\t<\/div>\n\t\t\t\t<div class=\"elementor-element elementor-element-387d632 animated-slow text-left elementor-widget elementor-widget-tp-advanced-typography\" data-id=\"387d632\" data-element_type=\"widget\" data-settings=\"{&quot;_animation&quot;:&quot;none&quot;}\" data-widget_type=\"tp-advanced-typography.default\">\n\t\t\t\t<div class=\"elementor-widget-container\">\n\t\t\t\t\t<div id=\"at387d632\" class=\"pt-plus-adv-typo-wrapper\"><div class=\"pt_plus_adv_typo_block   none\"><span id=\"advtypo69f60cb60566e\" class=\"text-content-block   typo_stroke     \"  style=\"\"  >projektu<\/span><\/div><\/div>\t\t\t\t<\/div>\n\t\t\t\t<\/div>\n\t\t\t\t\t<\/div>\n\t\t\t\t<\/div>\n\t\t<div class=\"elementor-element elementor-element-527f155 e-flex e-con-boxed e-con e-parent\" data-id=\"527f155\" data-element_type=\"container\">\n\t\t\t\t\t<div class=\"e-con-inner\">\n\t\t\t\t<div class=\"elementor-element elementor-element-519dfd8 elementor-widget elementor-widget-spacer\" data-id=\"519dfd8\" data-element_type=\"widget\" id=\"01\" data-widget_type=\"spacer.default\">\n\t\t\t\t<div class=\"elementor-widget-container\">\n\t\t\t\t\t\t\t<div class=\"elementor-spacer\">\n\t\t\t<div class=\"elementor-spacer-inner\"><\/div>\n\t\t<\/div>\n\t\t\t\t\t\t<\/div>\n\t\t\t\t<\/div>\n\t\t\t\t<div class=\"elementor-element elementor-element-5f7ab0b elementor-widget elementor-widget-heading\" data-id=\"5f7ab0b\" data-element_type=\"widget\" data-widget_type=\"heading.default\">\n\t\t\t\t<div class=\"elementor-widget-container\">\n\t\t\t\t\t<h2 class=\"elementor-heading-title elementor-size-default\">INTERACTION Model Biznesowy  <\/h2>\t\t\t\t<\/div>\n\t\t\t\t<\/div>\n\t\t\t\t<div class=\"elementor-element elementor-element-c8505f8 elementor-widget elementor-widget-text-editor\" data-id=\"c8505f8\" data-element_type=\"widget\" data-widget_type=\"text-editor.default\">\n\t\t\t\t<div class=\"elementor-widget-container\">\n\t\t\t\t\t\t\t\t\t<p>INTERACTION Model Biznesowy to narz\u0119dzie edukacyjne opracowane w ramach projektu maj\u0105ce na celu rozwi\u0105zanie kwestii zwi\u0105zanych z zr\u00f3wnowa\u017con\u0105 kreatywno\u015bci\u0105 i gospodark\u0105 o obiegu zamkni\u0119tym w sektorze kreatywnym. \u201eKanwa\u201d s\u0142u\u017cy jako ramowy model do zrozumienia, projektowania i analizy modeli biznesowych. Zapewnia wizualn\u0105 reprezentacj\u0119 kluczowych element\u00f3w determinuj\u0105cych sukces przedsi\u0119biorstwa, szczeg\u00f3lnie w kontek\u015bcie zr\u00f3wnowa\u017conego rozwoju i zielonego wzrostu.<\/p>\n<p>Kanwa b\u0119dzie zawiera\u0142a kluczowe komponenty takie jak segmenty klient\u00f3w, propozycje warto\u015bci, kana\u0142y, relacje z klientami, strumienie przychod\u00f3w, kluczowe zasoby, kluczowe dzia\u0142ania, kluczowe partnerstwa i struktur\u0119 koszt\u00f3w. Jednak\u017ce, w kontek\u015bcie projektu INTERACTION, te elementy zostan\u0105 dostosowane do konkretnego rozwi\u0105zania wyzwa\u0144 i mo\u017cliwo\u015bci w bran\u017cy kreatywnej zwi\u0105zanych ze zr\u00f3wnowa\u017conym rozwojem i praktykami zielonymi.<\/p>\n<p>Celem INTERACTION Model Biznesowy jest umo\u017cliwienie kreatywnym przedsi\u0119biorcom zdobycia wiedzy i narz\u0119dzi do opracowywania i doskonalenia swoich modeli biznesowych w spos\u00f3b integruj\u0105cy zasady zr\u00f3wnowa\u017conego rozwoju i zielonego wzrostu. Dostarczaj\u0105c strukturalnego modelu do zrozumienia r\u00f3\u017cnych aspekt\u00f3w biznesu, kanwa pozwoli przedsi\u0119biorcom zidentyfikowa\u0107 mo\u017cliwo\u015bci innowacji, efektywno\u015bci koszt\u00f3w i tworzenia warto\u015bci w kontek\u015bcie zr\u00f3wnowa\u017conej kreatywno\u015bci i gospodarki o obiegu zamkni\u0119tym. Oczekuje si\u0119, \u017ce b\u0119dzie to cenne narz\u0119dzie dla przedsi\u0119biorc\u00f3w kreatywnych, dostarczaj\u0105c im praktycznego i dzia\u0142aj\u0105cego narz\u0119dzia do dostosowania strategii biznesowych do cel\u00f3w projektu, promuj\u0105cych eko &#8211; transformacj\u0119 i integracj\u0119 zr\u00f3wnowa\u017conego rozwoju w sektorze kreatywnym.<\/p>\n\t\t\t\t\t\t\t\t<\/div>\n\t\t\t\t<\/div>\n\t\t\t\t<div class=\"elementor-element elementor-element-046ffbc elementor-widget elementor-widget-tp-advanced-buttons\" data-id=\"046ffbc\" data-element_type=\"widget\" data-widget_type=\"tp-advanced-buttons.default\">\n\t\t\t\t<div class=\"elementor-widget-container\">\n\t\t\t\t\t<div class=\"pt-plus-adv-button-wrapper \" ><div id=\"advbutton69f60cb608520\" class=\"pt_plus_adv_button  ab-cta  tp_cta_st_1   \" ><a href=\"https:\/\/interaction-project.eu\/pl\/canvas\/\" class=\"adv-button-link-wrap \" role=\"button\"><span>Model Biznesowy<\/span><\/a><\/div><\/div>\t\t\t\t<\/div>\n\t\t\t\t<\/div>\n\t\t\t\t<div class=\"elementor-element elementor-element-c06d784 elementor-widget elementor-widget-spacer\" data-id=\"c06d784\" data-element_type=\"widget\" id=\"03\" data-widget_type=\"spacer.default\">\n\t\t\t\t<div class=\"elementor-widget-container\">\n\t\t\t\t\t\t\t<div class=\"elementor-spacer\">\n\t\t\t<div class=\"elementor-spacer-inner\"><\/div>\n\t\t<\/div>\n\t\t\t\t\t\t<\/div>\n\t\t\t\t<\/div>\n\t\t\t\t<div class=\"elementor-element elementor-element-2e7f6cb elementor-widget elementor-widget-heading\" data-id=\"2e7f6cb\" data-element_type=\"widget\" data-widget_type=\"heading.default\">\n\t\t\t\t<div class=\"elementor-widget-container\">\n\t\t\t\t\t<h2 class=\"elementor-heading-title elementor-size-default\">INTERACTION  Platforma e-learningowa na temat zr\u00f3wnowa\u017conej kreatywno\u015bci<\/h2>\t\t\t\t<\/div>\n\t\t\t\t<\/div>\n\t\t\t\t<div class=\"elementor-element elementor-element-16c1d18 elementor-widget elementor-widget-text-editor\" data-id=\"16c1d18\" data-element_type=\"widget\" data-widget_type=\"text-editor.default\">\n\t\t\t\t<div class=\"elementor-widget-container\">\n\t\t\t\t\t\t\t\t\t<p>Platforma e-learningowa INTERACTION dotycz\u0105ca zr\u00f3wnowa\u017conej kreatywno\u015bci jest kluczowym elementem projektu maj\u0105cym na celu zapewnienie dost\u0119pu do zasob\u00f3w edukacyjnych zwi\u0105zanych z zr\u00f3wnowa\u017con\u0105 kreatywno\u015bci\u0105 i gospodark\u0105 o obiegu zamkni\u0119tym. Ta platforma zosta\u0142a zaprojektowana jako interaktywne i anga\u017cuj\u0105ce \u015brodowisko online, kt\u00f3re oferuje szereg materia\u0142\u00f3w edukacyjnych, narz\u0119dzi i zasob\u00f3w wspieraj\u0105cych rozw\u00f3j umiej\u0119tno\u015bci i kompetencji zielonych w bran\u017cy kreatywnej.<\/p>\n<p>G\u0142\u00f3wne funkcje platformy e-learningowej obejmuj\u0105:<\/p>\n<p>1. <strong>Zasoby Edukacyjne:<\/strong> Platforma b\u0119dzie gromadzi\u0107 r\u00f3\u017cnorodne materia\u0142y edukacyjne, takie jak artyku\u0142y, filmy, studia przypadk\u00f3w i interaktywne modu\u0142y nauki, skoncentrowane na zr\u00f3wnowa\u017conej kreatywno\u015bci, gospodarce o obiegu zamkni\u0119tym i umiej\u0119tno\u015bciach zielonych. Te zasoby zostan\u0105 zaprojektowane, aby dostarczy\u0107 praktycznej wiedzy i porad dla os\u00f3b pracuj\u0105cych w bran\u017cy kreatywnej lub aspiruj\u0105cych do jej wej\u015bcia.<\/p>\n<p>2. <strong>Narz\u0119dzia Interaktywne:<\/strong> Platforma obejmuje interaktywne narz\u0119dzia, takie jak quizy, symulacje i wirtualne warsztaty, aby zaanga\u017cowa\u0107 u\u017cytkownik\u00f3w i u\u0142atwi\u0107 aktywne do\u015bwiadczenia naukowe. Te narz\u0119dzia mog\u0105 pom\u00f3c u\u017cytkownikom zastosowa\u0107 koncepcje teoretyczne do rzeczywistych scenariuszy i rozwija\u0107 praktyczne umiej\u0119tno\u015bci<br \/>\nzwi\u0105zanych z praktykami zr\u00f3wnowa\u017conej kreatywno\u015bci i gospodarki o obiegu zamkni\u0119tym.<\/p>\n<p>3. <strong>Wsparcie wieloj\u0119zyczne:<\/strong> Aby zapewni\u0107 dost\u0119pno\u015b\u0107 dla r\u00f3\u017cnorodnej publiczno\u015bci, platforma e-learningowa oferuje tre\u015bci w wielu j\u0119zykach, w tym w j\u0119zykach oficjalnych partner\u00f3w uczestnicz\u0105cych (macedo\u0144skim, greckim, polskim, litewskim), a tak\u017ce w j\u0119zyku angielskim. Wsparcie wieloj\u0119zyczne ma na celu dotarcie do szerszej mi\u0119dzynarodowej publiczno\u015bci oraz promowanie nauki i wsp\u00f3\u0142pracy mi\u0119dzykulturowej.<\/p>\n<p>4. <strong>Funkcje anga\u017cuj\u0105ce u\u017cytkownik\u00f3w:<\/strong> Platforma zawiera funkcje u\u0142atwiaj\u0105ce zaanga\u017cowanie u\u017cytkownik\u00f3w, takie jak fora dyskusyjne, transmisje na \u017cywo i mo\u017cliwo\u015bci sieciowania mi\u0119dzy u\u017cytkownikami. Te elementy interaktywne mog\u0105 wspiera\u0107 poczucie wsp\u00f3lnoty w\u015br\u00f3d uczestnik\u00f3w nauki, umo\u017cliwiaj\u0105c im dzielenie si\u0119 spostrze\u017ceniami, wsp\u00f3\u0142prac\u0119 nad projektami i wymian\u0119 najlepszych praktyk zwi\u0105zanych z zr\u00f3wnowa\u017con\u0105 kreatywno\u015bci\u0105.<\/p>\n<p>5. <strong>Dost\u0119pno\u015b\u0107 i elastyczno\u015b\u0107:<\/strong> Platforma e-learningowa b\u0119dzie zaprojektowana tak, aby by\u0142a dost\u0119pna z r\u00f3\u017cnych urz\u0105dze\u0144, oferuj\u0105c u\u017cytkownikom elastyczno\u015b\u0107 w uczestnictwie w aktywno\u015bciach naukowych we w\u0142asnym tempie i z wygodnego dla nich miejsca. Ta dost\u0119pno\u015b\u0107 mo\u017ce wspiera\u0107 mo\u017cliwo\u015bci nauki na odleg\u0142o\u015b\u0107 i dostosowa\u0107 si\u0119 do zr\u00f3\u017cnicowanych potrzeb uczestnik\u00f3w bran\u017cy kreatywnej.<\/p>\n<p>Og\u00f3lnie rzecz bior\u0105c, platforma e-learningowa INTERACTION dotycz\u0105ca zr\u00f3wnowa\u017conej kreatywno\u015bci ma s\u0142u\u017cy\u0107 jako wszechstronne i dynamiczne \u017ar\u00f3d\u0142o wiedzy dla os\u00f3b i organizacji zaanga\u017cowanych w bran\u017c\u0119 kreatywn\u0105, promuj\u0105c integracj\u0119 praktyk zr\u00f3wnowa\u017conych oraz rozwijaj\u0105c kultur\u0119 ci\u0105g\u0142ego uczenia si\u0119 i innowacji w sektorze.<\/p>\n\t\t\t\t\t\t\t\t<\/div>\n\t\t\t\t<\/div>\n\t\t\t\t<div class=\"elementor-element elementor-element-c0a41ef elementor-widget elementor-widget-tp-advanced-buttons\" data-id=\"c0a41ef\" data-element_type=\"widget\" data-widget_type=\"tp-advanced-buttons.default\">\n\t\t\t\t<div class=\"elementor-widget-container\">\n\t\t\t\t\t<div class=\"pt-plus-adv-button-wrapper \" ><div id=\"advbutton69f60cb60aeb4\" class=\"pt_plus_adv_button  ab-cta  tp_cta_st_1   \" ><a href=\"https:\/\/interaction-project.eu\/pl\/inspiration-library\/\" class=\"adv-button-link-wrap \" role=\"button\"><span>Platforma e-learningowa na temat zr\u00f3wnowa\u017conej kreatywno\u015bci<\/span><\/a><\/div><\/div>\t\t\t\t<\/div>\n\t\t\t\t<\/div>\n\t\t\t\t<div class=\"elementor-element elementor-element-304a0a6 elementor-widget elementor-widget-spacer\" data-id=\"304a0a6\" data-element_type=\"widget\" id=\"04\" data-widget_type=\"spacer.default\">\n\t\t\t\t<div class=\"elementor-widget-container\">\n\t\t\t\t\t\t\t<div class=\"elementor-spacer\">\n\t\t\t<div class=\"elementor-spacer-inner\"><\/div>\n\t\t<\/div>\n\t\t\t\t\t\t<\/div>\n\t\t\t\t<\/div>\n\t\t\t\t<div class=\"elementor-element elementor-element-df605a4 elementor-widget elementor-widget-heading\" data-id=\"df605a4\" data-element_type=\"widget\" data-widget_type=\"heading.default\">\n\t\t\t\t<div class=\"elementor-widget-container\">\n\t\t\t\t\t<h2 class=\"elementor-heading-title elementor-size-default\">Warsztaty i pracownie \u201eSztuki Zielonej\u201d<\/h2>\t\t\t\t<\/div>\n\t\t\t\t<\/div>\n\t\t\t\t<div class=\"elementor-element elementor-element-81fc034 elementor-widget elementor-widget-text-editor\" data-id=\"81fc034\" data-element_type=\"widget\" data-widget_type=\"text-editor.default\">\n\t\t\t\t<div class=\"elementor-widget-container\">\n\t\t\t\t\t\t\t\t\t<p>Warsztaty i pracownie &#8222;Green Art&#8221; w ramach projektu INTERACTION zosta\u0142y zaprojektowane, aby dostarczy\u0107 praktycznych do\u015bwiadcze\u0144, kt\u00f3re integruj\u0105 praktyki zr\u00f3wnowa\u017cone i \u015bwiadomo\u015b\u0107 ekologiczn\u0105 w proces tw\u00f3rczy. Te warsztaty i pracownie s\u0142u\u017c\u0105 jako interaktywne platformy dla artyst\u00f3w, profesjonalist\u00f3w kreatywnych i uczestnik\u00f3w do eksploracji po\u0142\u0105czenia sztuki, zr\u00f3wnowa\u017conego rozowju i praktyk zielonych.<\/p>\n<p>G\u0142\u00f3wne elementy warsztat\u00f3w i pracowni &#8222;Sztuki Zielonej&#8221; obejmuj\u0105:<\/p>\n<p>1.Zr\u00f3wnowa\u017cone praktyki artystyczne: Uczestnicy bior\u0105 udzia\u0142 w zaj\u0119ciach, kt\u00f3re k\u0142ad\u0105 nacisk na u\u017cycie ekologicznych materia\u0142\u00f3w, recykling, upcykling i zr\u00f3wnowa\u017cone techniki w tworzeniu sztuki. Obejmuje to eksploracj\u0119 alternatywnych materia\u0142\u00f3w, redukcj\u0119 odpad\u00f3w i uwzgl\u0119dnienie kwestii \u015brodowiskowych w procesie tw\u00f3rczym.<\/p>\n<p>2. Zasady gospodarki obiegu zamkni\u0119tego: Warsztaty i pracownie koncentruj\u0105 si\u0119 na zasadach gospodarki obiegu zamkni\u0119tego w kontek\u015bcie sztuki i praktyk tw\u00f3rczych. Uczestnicy b\u0119d\u0105 mogli dowiedzie\u0107 si\u0119 o cyklu \u017cycia materia\u0142\u00f3w, efektywno\u015bci zasob\u00f3w i potencjale tworzenia sztuki w systemie zamkni\u0119tym, kt\u00f3ry minimalizuje wp\u0142yw na \u015brodowisko.<\/p>\n<p>3. Ekoinnowacja i kreatywno\u015b\u0107: Warsztaty i pracownie maj\u0105 na celu inspiracj\u0119 ekoinnowacj\u0105 i kreatywno\u015bci\u0105, poprzez zach\u0119canie uczestnik\u00f3w do krytycznego my\u015blenia o konsekwencjach \u015brodowiskowych swoich wybor\u00f3w artystycznych. Obejmuje to eksploracj\u0119 nowych podej\u015b\u0107 do ekspresji artystycznej, kt\u00f3re s\u0105 zgodne z zasadami zr\u00f3wnowa\u017conymi i promuj\u0105 opiek\u0119 nad \u015brodowiskiem.<\/p>\n<p>4. Uczenie si\u0119 wsp\u00f3\u0142pracy: Warsztaty i pracownie dostarczaj\u0105 mo\u017cliwo\u015bci wsp\u00f3lnego uczenia si\u0119 i dzielenia si\u0119 wiedz\u0105 mi\u0119dzy uczestnikami. Poprzez dzia\u0142ania grupowe, dyskusje i praktyczne \u0107wiczenia, uczestnicy mog\u0105 wymienia\u0107 si\u0119 pomys\u0142ami, uczy\u0107 si\u0119 od siebie nawzajem i wsp\u00f3lnie eksplorowa\u0107 potencja\u0142 integrowania zr\u00f3wnowa\u017conego rozwoju w ich praktyki artystyczne.<\/p>\n<p>5.Promowanie \u015bwiadomo\u015bci \u015brodowiskowej: Warsztaty i pracownie &#8222;Sztuki Zielonej&#8221; s\u0142u\u017c\u0105 jako platformy do promowania \u015bwiadomo\u015bci ekologicznej i pog\u0142\u0119biania zrozumienia zwi\u0105zku mi\u0119dzy sztuk\u0105, kultur\u0105 a zr\u00f3wnowa\u017conym rozwojem. Uczestnicy zdobywaj\u0105 wgl\u0105d w rol\u0119 sztuki w podnoszeniu \u015bwiadomo\u015bci o kwestiach \u015brodowiskowych i inspiruj\u0105 do pozytywnych zmian.<\/p>\n<p>Og\u00f3lnie rzecz bior\u0105c, warsztaty i pracownie &#8222;Sztuki Zielonej&#8221; maj\u0105 by\u0107 dynamicznymi i do\u015bwiadczalnymi miejscami, kt\u00f3re zach\u0119caj\u0105 uczestnik\u00f3w do eksploracji tw\u00f3rczego potencja\u0142u zr\u00f3wnowa\u017conych praktyk, wspieraj\u0105 poczucie odpowiedzialno\u015bci za \u015brodowisko w spo\u0142eczno\u015bci kreatywnej i przyczyniaj\u0105 si\u0119 do rozwoju bardziej zr\u00f3wnowa\u017conego i ekologicznego podej\u015bcia do sztuki i kreatywno\u015bci.<\/p>\n\t\t\t\t\t\t\t\t<\/div>\n\t\t\t\t<\/div>\n\t\t\t\t<div class=\"elementor-element elementor-element-5806718 animated-slow text-left elementor-widget elementor-widget-tp-advanced-typography\" data-id=\"5806718\" data-element_type=\"widget\" data-settings=\"{&quot;_animation&quot;:&quot;none&quot;}\" data-widget_type=\"tp-advanced-typography.default\">\n\t\t\t\t<div class=\"elementor-widget-container\">\n\t\t\t\t\t<div id=\"at5806718\" class=\"pt-plus-adv-typo-wrapper\"><div class=\"pt_plus_adv_typo_block   none\"><span id=\"advtypo69f60cb60b926\" class=\"text-content-block   typo_stroke    image-pulse \"  style=\"\"  >Wkr\u00f3tce<\/span><\/div><\/div>\t\t\t\t<\/div>\n\t\t\t\t<\/div>\n\t\t\t\t<div class=\"elementor-element elementor-element-1482e4c elementor-widget elementor-widget-spacer\" data-id=\"1482e4c\" data-element_type=\"widget\" id=\"05\" data-widget_type=\"spacer.default\">\n\t\t\t\t<div class=\"elementor-widget-container\">\n\t\t\t\t\t\t\t<div class=\"elementor-spacer\">\n\t\t\t<div class=\"elementor-spacer-inner\"><\/div>\n\t\t<\/div>\n\t\t\t\t\t\t<\/div>\n\t\t\t\t<\/div>\n\t\t\t\t<div class=\"elementor-element elementor-element-431a81f elementor-widget elementor-widget-heading\" data-id=\"431a81f\" data-element_type=\"widget\" data-widget_type=\"heading.default\">\n\t\t\t\t<div class=\"elementor-widget-container\">\n\t\t\t\t\t<h2 class=\"elementor-heading-title elementor-size-default\">Kampania kr\u00f3tkometra\u017cowa u\u015bwiadamiaj\u0105ca INTERACTION<\/h2>\t\t\t\t<\/div>\n\t\t\t\t<\/div>\n\t\t\t\t<div class=\"elementor-element elementor-element-3c1760c elementor-widget elementor-widget-text-editor\" data-id=\"3c1760c\" data-element_type=\"widget\" data-widget_type=\"text-editor.default\">\n\t\t\t\t<div class=\"elementor-widget-container\">\n\t\t\t\t\t\t\t\t\t<p>Kampania kr\u00f3tkometra\u017cowego filmu \u015bwiadomo\u015bciowego w ramach projektu INTERACTION to kluczowy element projektu maj\u0105cy na celu promowanie \u015bwiadomo\u015bci i zrozumienia kwestii zr\u00f3wnowa\u017conej kreatywno\u015bci i gospodarki o obiegu zamkni\u0119tym w bran\u017cy kreatywnej. Kampania obejmuje stworzenie kr\u00f3tkometra\u017cowego filmu, kt\u00f3ry podkre\u015bla znaczenie praktyk zr\u00f3wnowa\u017conych w bran\u017cy kreatywnej i prezentuje prac\u0119 artyst\u00f3w i profesjonalist\u00f3w kreatywnych, kt\u00f3rzy s\u0105 pionierami w tym obszarze.<\/p>\n<p>G\u0142\u00f3wne elementy kampanii kr\u00f3tkometra\u017cowego filmu \u015bwiadomo\u015bciowego obejmuj\u0105:<\/p>\n<p>1. <strong>Produkcja wsp\u00f3lna:<\/strong> Kr\u00f3tkometra\u017cowy film jest produkowany we wsp\u00f3\u0142pracy przez partner\u00f3w projektu, z udzia\u0142em ka\u017cdego partnera w opracowywaniu scenariusza, produkcji i dzia\u0142a\u0144 post &#8211; produkcyjnych. Taki wsp\u00f3lny spos\u00f3b pracy zapewnia, \u017ce film odzwierciedla r\u00f3\u017cnorodne perspektywy i do\u015bwiadczenia partner\u00f3w projektu oraz promuje nauk\u0119 i wsp\u00f3\u0142prac\u0119 mi\u0119dzykulturow\u0105.<\/p>\n<p>2. <strong>Prezentacja praktyk zr\u00f3wnowa\u017conych:<\/strong> Kr\u00f3tkometra\u017cowy film prezentuje prac\u0119 artyst\u00f3w i profesjonalist\u00f3w kreatywnych, kt\u00f3rzy s\u0105 pionierami w dziedzinie zr\u00f3wnowa\u017conej kreatywno\u015bci i praktyk gospodarki o obiegu zamkni\u0119tym. Obejmuje to podkre\u015blanie innowacyjnych podej\u015b\u0107 do ekologicznych materia\u0142\u00f3w, recyklingu, upcyklingu i zr\u00f3wnowa\u017conych technik w tworzeniu sztuki.<\/p>\n<p><strong>3. Anga\u017cuj\u0105ca opowie\u015b\u0107:<\/strong> Kr\u00f3tkometra\u017cowy film u\u017cywa anga\u017cuj\u0105cych technik narracyjnych, aby przekaza\u0107 znaczenie praktyk zr\u00f3wnowa\u017conych w bran\u017cy kreatywnej. Obejmuje to wykorzystanie osobistych narracji, studi\u00f3w przypadk\u00f3w i narracji wizualnej, aby ilustrowa\u0107 wp\u0142yw praktyk zr\u00f3wnowa\u017conych na \u015brodowisko, spo\u0142ecze\u0144stwo i bran\u017c\u0119 kreatywn\u0105.<\/p>\n<p>4. <strong>Dystrybucja na wielu platformach:<\/strong> Kr\u00f3tkometra\u017cowy film jest dystrybuowany na wielu platformach, w tym w mediach spo\u0142eczno\u015bciowych, platformach steamingowych online i festiwalach filmowych. Taki wieloplatformowy spos\u00f3b dzia\u0142ania zapewnia, \u017ce film trafia do szerokiej publiczno\u015bci i promuje \u015bwiadomo\u015b\u0107 i zrozumienie kwestii zr\u00f3wnowa\u017conej kreatywno\u015bci i gospodarki o obiegu zamkni\u0119tym poza partnerami projektu.<\/p>\n<p>5.<strong>Wezwanie do dzia\u0142ania:<\/strong> Kr\u00f3tkometra\u017cowy film zawiera wezwanie do dzia\u0142ania, kt\u00f3re zach\u0119ca widz\u00f3w do podejmowania dzia\u0142a\u0144 na rzecz promowania praktyk zr\u00f3wnowa\u017conych w bran\u017cy kreatywnej. Obejmuje to udost\u0119pnianie zasob\u00f3w, narz\u0119dzi i porad dla os\u00f3b i organizacji, aby przyj\u0105\u0107 praktyki zr\u00f3wnowa\u017cone w swoim tw\u00f3rczym procesie oraz promowanie rozwoju bardziej zr\u00f3wnowa\u017conego i ekologicznego podej\u015bcia do sztuki i kreatywno\u015bci.<\/p>\n<p>Kampania kr\u00f3tkometra\u017cowego filmu \u015bwiadomo\u015bciowego w ramach projektu INTERACTION ma by\u0107 pot\u0119\u017cnym narz\u0119dziem do promowania \u015bwiadomo\u015bci i zrozumienia kwestii zr\u00f3wnowa\u017conej kreatywno\u015bci i gospodarki o obiegu zamkni\u0119tym w bran\u017cy kreatywnej. Poprzez prezentacj\u0119 pracy artyst\u00f3w i profesjonalist\u00f3w kreatywnych, kt\u00f3rzy s\u0105 pionierami w tym obszarze, kampania ma na celu inspiracj\u0119 do pozytywnych zmian i promowanie rozwoju bardziej zr\u00f3wnowa\u017conego i ekologicznego podej\u015bcia do sztuki i kreatywno\u015bci.<\/p>\n\t\t\t\t\t\t\t\t<\/div>\n\t\t\t\t<\/div>\n\t\t\t\t<div class=\"elementor-element elementor-element-efe7f36 elementor-widget elementor-widget-video\" data-id=\"efe7f36\" data-element_type=\"widget\" data-settings=\"{&quot;youtube_url&quot;:&quot;https:\\\/\\\/www.youtube.com\\\/watch?v=AHK0lJ1ElWU&quot;,&quot;video_type&quot;:&quot;youtube&quot;,&quot;controls&quot;:&quot;yes&quot;}\" data-widget_type=\"video.default\">\n\t\t\t\t<div class=\"elementor-widget-container\">\n\t\t\t\t\t\t\t<div class=\"elementor-wrapper elementor-open-inline\">\n\t\t\t<div class=\"elementor-video\"><\/div>\t\t<\/div>\n\t\t\t\t\t\t<\/div>\n\t\t\t\t<\/div>\n\t\t\t\t<div class=\"elementor-element elementor-element-ba41f97 elementor-widget elementor-widget-spacer\" data-id=\"ba41f97\" data-element_type=\"widget\" data-widget_type=\"spacer.default\">\n\t\t\t\t<div class=\"elementor-widget-container\">\n\t\t\t\t\t\t\t<div class=\"elementor-spacer\">\n\t\t\t<div class=\"elementor-spacer-inner\"><\/div>\n\t\t<\/div>\n\t\t\t\t\t\t<\/div>\n\t\t\t\t<\/div>\n\t\t\t\t\t<\/div>\n\t\t\t\t<\/div>\n\t\t\t\t<\/div>\n\t\t","protected":false},"excerpt":{"rendered":"<p>Wyniki projektu INTERACTION Model Biznesowy INTERACTION Model Biznesowy to narz\u0119dzie edukacyjne opracowane w ramach projektu maj\u0105ce na celu rozwi\u0105zanie kwestii zwi\u0105zanych z zr\u00f3wnowa\u017con\u0105 kreatywno\u015bci\u0105 i gospodark\u0105 o obiegu zamkni\u0119tym w sektorze kreatywnym. \u201eKanwa\u201d s\u0142u\u017cy jako ramowy model do zrozumienia, projektowania i analizy modeli biznesowych. Zapewnia wizualn\u0105 reprezentacj\u0119 kluczowych element\u00f3w determinuj\u0105cych sukces przedsi\u0119biorstwa, szczeg\u00f3lnie w kontek\u015bcie [&hellip;]<\/p>\n","protected":false},"author":3,"featured_media":0,"parent":0,"menu_order":0,"comment_status":"closed","ping_status":"closed","template":"","meta":{"footnotes":""},"class_list":["post-869","page","type-page","status-publish","hentry"],"_links":{"self":[{"href":"https:\/\/interaction-project.eu\/pl\/wp-json\/wp\/v2\/pages\/869","targetHints":{"allow":["GET"]}}],"collection":[{"href":"https:\/\/interaction-project.eu\/pl\/wp-json\/wp\/v2\/pages"}],"about":[{"href":"https:\/\/interaction-project.eu\/pl\/wp-json\/wp\/v2\/types\/page"}],"author":[{"embeddable":true,"href":"https:\/\/interaction-project.eu\/pl\/wp-json\/wp\/v2\/users\/3"}],"replies":[{"embeddable":true,"href":"https:\/\/interaction-project.eu\/pl\/wp-json\/wp\/v2\/comments?post=869"}],"version-history":[{"count":17,"href":"https:\/\/interaction-project.eu\/pl\/wp-json\/wp\/v2\/pages\/869\/revisions"}],"predecessor-version":[{"id":6473,"href":"https:\/\/interaction-project.eu\/pl\/wp-json\/wp\/v2\/pages\/869\/revisions\/6473"}],"wp:attachment":[{"href":"https:\/\/interaction-project.eu\/pl\/wp-json\/wp\/v2\/media?parent=869"}],"curies":[{"name":"wp","href":"https:\/\/api.w.org\/{rel}","templated":true}]}}